{"id":44,"date":"2018-05-15T22:51:55","date_gmt":"2018-05-15T20:51:55","guid":{"rendered":"http:\/\/maisondelanaturedulayon.fr\/?page_id=44"},"modified":"2023-12-02T20:17:30","modified_gmt":"2023-12-02T19:17:30","slug":"qui-sommes-nous","status":"publish","type":"page","link":"https:\/\/maisondelanaturedulayon.fr\/index.php\/qui-sommes-nous\/","title":{"rendered":"Qui sommes-nous ?"},"content":{"rendered":"\n<figure class=\"wp-block-image size-full is-resized\"><img loading=\"lazy\" decoding=\"async\" width=\"808\" height=\"535\" src=\"https:\/\/maisondelanaturedulayon.fr\/wp-content\/uploads\/2023\/12\/TrocGraine2014-3-1-1.png\" alt=\"\" class=\"wp-image-124\" style=\"width:840px;height:auto\" srcset=\"https:\/\/maisondelanaturedulayon.fr\/wp-content\/uploads\/2023\/12\/TrocGraine2014-3-1-1.png 808w, https:\/\/maisondelanaturedulayon.fr\/wp-content\/uploads\/2023\/12\/TrocGraine2014-3-1-1-300x199.png 300w, https:\/\/maisondelanaturedulayon.fr\/wp-content\/uploads\/2023\/12\/TrocGraine2014-3-1-1-768x509.png 768w\" sizes=\"(max-width: 808px) 100vw, 808px\" \/><\/figure>\n\n\n\n<div class=\"wp-block-group is-layout-constrained wp-block-group-is-layout-constrained\"><div class=\"wp-block-group__inner-container\">\n<div class=\"wp-block-columns is-layout-flex wp-container-core-columns-layout-1 wp-block-columns-is-layout-flex\">\n<div class=\"wp-block-column is-layout-flow wp-block-column-is-layout-flow\" style=\"flex-basis:100%\">\n<div class=\"wp-block-group is-nowrap is-layout-flex wp-container-core-group-layout-1 wp-block-group-is-layout-flex\">\n<blockquote class=\"wp-block-quote\">\n<p><br>La Maison de la Nature du Layon est situ\u00e9e \u00e0 Saint Lambert du Lattay dans le Maine et Loire et existe depuis 1992.<\/p>\n\n\n\n<p>Implant\u00e9e au bord de l\u2019Hyr\u00f4me en pleine nature, la Maison de la Nature du Layon a pour vocation de sensibiliser petits et grands \u00e0 la d\u00e9couverte de la faune et la flore qui nous entoure.<\/p>\n\n\n\n<p>Son objectif est de promouvoir une attitude respectueuse \u00e0 l\u2019\u00e9gard de notre environnement au moyen d\u2019actions de d\u00e9couverte et de valorisation du patrimoine naturel local, d\u2019information, d\u2019\u00e9ducation et de coop\u00e9ration \u00e9cocitoyenne.<\/p>\n\n\n\n<p>Pour ce faire, nous vous proposons :<\/p>\n\n\n\n<ul>\n<li>Un&nbsp;<a href=\"https:\/\/maisondelanaturedulayon.fr\/index.php\/page-d-exemple\/\">club nature<\/a>&nbsp;pour les 7-13 ans avec des sorties et des activit\u00e9s \u00e0 raison d\u2019une s\u00e9ance par mois.<\/li>\n\n\n\n<li>Des&nbsp;<a href=\"https:\/\/maisondelanaturedulayon.fr\/index.php\/les-animations\/\">animations<\/a>&nbsp;au fil des saisons pour toute la famille.<\/li>\n<\/ul>\n<\/blockquote>\n<\/div>\n<\/div>\n<\/div>\n<\/div><\/div>\n","protected":false},"excerpt":{"rendered":"<p>La Maison de la Nature du Layon est situ\u00e9e \u00e0 Saint Lambert du Lattay dans le Maine et Loire et existe depuis 1992. Implant\u00e9e au bord de l\u2019Hyr\u00f4me en pleine&#8230; <a class=\"read-more\" href=\"https:\/\/maisondelanaturedulayon.fr\/index.php\/qui-sommes-nous\/\">Read more<\/a><\/p>\n","protected":false},"author":1,"featured_media":17,"parent":0,"menu_order":0,"comment_status":"closed","ping_status":"closed","template":"","meta":{"footnotes":""},"yoast_head":"<!-- This site is optimized with the Yoast SEO plugin v22.0 - https:\/\/yoast.com\/wordpress\/plugins\/seo\/ -->\n<title>Qui sommes-nous ? - Maison de la Nature du Layon<\/title>\n<meta name=\"robots\" content=\"index, follow, max-snippet:-1, max-image-preview:large, max-video-preview:-1\" \/>\n<link rel=\"canonical\" href=\"https:\/\/maisondelanaturedulayon.fr\/index.php\/qui-sommes-nous\/\" \/>\n<meta property=\"og:locale\" content=\"fr_FR\" \/>\n<meta property=\"og:type\" content=\"article\" \/>\n<meta property=\"og:title\" content=\"Qui sommes-nous ? - Maison de la Nature du Layon\" \/>\n<meta property=\"og:description\" content=\"La Maison de la Nature du Layon est situ\u00e9e \u00e0 Saint Lambert du Lattay dans le Maine et Loire et existe depuis 1992. Implant\u00e9e au bord de l\u2019Hyr\u00f4me en pleine... Read more\" \/>\n<meta property=\"og:url\" content=\"https:\/\/maisondelanaturedulayon.fr\/index.php\/qui-sommes-nous\/\" \/>\n<meta property=\"og:site_name\" content=\"Maison de la Nature du Layon\" \/>\n<meta property=\"article:modified_time\" content=\"2023-12-02T19:17:30+00:00\" \/>\n<meta property=\"og:image\" content=\"https:\/\/maisondelanaturedulayon.fr\/wp-content\/uploads\/2017\/12\/IMG_0169-001-1024x768.jpg\" \/>\n\t<meta property=\"og:image:width\" content=\"1024\" \/>\n\t<meta property=\"og:image:height\" content=\"768\" \/>\n\t<meta property=\"og:image:type\" content=\"image\/jpeg\" \/>\n<meta name=\"twitter:card\" content=\"summary_large_image\" \/>\n<meta name=\"twitter:label1\" content=\"Dur\u00e9e de lecture estim\u00e9e\" \/>\n\t<meta name=\"twitter:data1\" content=\"1 minute\" \/>\n<script type=\"application\/ld+json\" class=\"yoast-schema-graph\">{\"@context\":\"https:\/\/schema.org\",\"@graph\":[{\"@type\":\"WebPage\",\"@id\":\"https:\/\/maisondelanaturedulayon.fr\/index.php\/qui-sommes-nous\/\",\"url\":\"https:\/\/maisondelanaturedulayon.fr\/index.php\/qui-sommes-nous\/\",\"name\":\"Qui sommes-nous ? - Maison de la Nature du Layon\",\"isPartOf\":{\"@id\":\"https:\/\/maisondelanaturedulayon.fr\/#website\"},\"datePublished\":\"2018-05-15T20:51:55+00:00\",\"dateModified\":\"2023-12-02T19:17:30+00:00\",\"breadcrumb\":{\"@id\":\"https:\/\/maisondelanaturedulayon.fr\/index.php\/qui-sommes-nous\/#breadcrumb\"},\"inLanguage\":\"fr-FR\",\"potentialAction\":[{\"@type\":\"ReadAction\",\"target\":[\"https:\/\/maisondelanaturedulayon.fr\/index.php\/qui-sommes-nous\/\"]}]},{\"@type\":\"BreadcrumbList\",\"@id\":\"https:\/\/maisondelanaturedulayon.fr\/index.php\/qui-sommes-nous\/#breadcrumb\",\"itemListElement\":[{\"@type\":\"ListItem\",\"position\":1,\"name\":\"Accueil\",\"item\":\"https:\/\/maisondelanaturedulayon.fr\/\"},{\"@type\":\"ListItem\",\"position\":2,\"name\":\"Qui sommes-nous ?\"}]},{\"@type\":\"WebSite\",\"@id\":\"https:\/\/maisondelanaturedulayon.fr\/#website\",\"url\":\"https:\/\/maisondelanaturedulayon.fr\/\",\"name\":\"Maison de la Nature du Layon\",\"description\":\"\",\"potentialAction\":[{\"@type\":\"SearchAction\",\"target\":{\"@type\":\"EntryPoint\",\"urlTemplate\":\"https:\/\/maisondelanaturedulayon.fr\/?s={search_term_string}\"},\"query-input\":\"required name=search_term_string\"}],\"inLanguage\":\"fr-FR\"}]}<\/script>\n<!-- \/ Yoast SEO plugin. -->","yoast_head_json":{"title":"Qui sommes-nous ? - Maison de la Nature du Layon","robots":{"index":"index","follow":"follow","max-snippet":"max-snippet:-1","max-image-preview":"max-image-preview:large","max-video-preview":"max-video-preview:-1"},"canonical":"https:\/\/maisondelanaturedulayon.fr\/index.php\/qui-sommes-nous\/","og_locale":"fr_FR","og_type":"article","og_title":"Qui sommes-nous ? - Maison de la Nature du Layon","og_description":"La Maison de la Nature du Layon est situ\u00e9e \u00e0 Saint Lambert du Lattay dans le Maine et Loire et existe depuis 1992. Implant\u00e9e au bord de l\u2019Hyr\u00f4me en pleine... Read more","og_url":"https:\/\/maisondelanaturedulayon.fr\/index.php\/qui-sommes-nous\/","og_site_name":"Maison de la Nature du Layon","article_modified_time":"2023-12-02T19:17:30+00:00","og_image":[{"width":1024,"height":768,"url":"https:\/\/maisondelanaturedulayon.fr\/wp-content\/uploads\/2017\/12\/IMG_0169-001-1024x768.jpg","type":"image\/jpeg"}],"twitter_card":"summary_large_image","twitter_misc":{"Dur\u00e9e de lecture estim\u00e9e":"1 minute"},"schema":{"@context":"https:\/\/schema.org","@graph":[{"@type":"WebPage","@id":"https:\/\/maisondelanaturedulayon.fr\/index.php\/qui-sommes-nous\/","url":"https:\/\/maisondelanaturedulayon.fr\/index.php\/qui-sommes-nous\/","name":"Qui sommes-nous ? - Maison de la Nature du Layon","isPartOf":{"@id":"https:\/\/maisondelanaturedulayon.fr\/#website"},"datePublished":"2018-05-15T20:51:55+00:00","dateModified":"2023-12-02T19:17:30+00:00","breadcrumb":{"@id":"https:\/\/maisondelanaturedulayon.fr\/index.php\/qui-sommes-nous\/#breadcrumb"},"inLanguage":"fr-FR","potentialAction":[{"@type":"ReadAction","target":["https:\/\/maisondelanaturedulayon.fr\/index.php\/qui-sommes-nous\/"]}]},{"@type":"BreadcrumbList","@id":"https:\/\/maisondelanaturedulayon.fr\/index.php\/qui-sommes-nous\/#breadcrumb","itemListElement":[{"@type":"ListItem","position":1,"name":"Accueil","item":"https:\/\/maisondelanaturedulayon.fr\/"},{"@type":"ListItem","position":2,"name":"Qui sommes-nous ?"}]},{"@type":"WebSite","@id":"https:\/\/maisondelanaturedulayon.fr\/#website","url":"https:\/\/maisondelanaturedulayon.fr\/","name":"Maison de la Nature du Layon","description":"","potentialAction":[{"@type":"SearchAction","target":{"@type":"EntryPoint","urlTemplate":"https:\/\/maisondelanaturedulayon.fr\/?s={search_term_string}"},"query-input":"required name=search_term_string"}],"inLanguage":"fr-FR"}]}},"_links":{"self":[{"href":"https:\/\/maisondelanaturedulayon.fr\/index.php\/wp-json\/wp\/v2\/pages\/44"}],"collection":[{"href":"https:\/\/maisondelanaturedulayon.fr\/index.php\/wp-json\/wp\/v2\/pages"}],"about":[{"href":"https:\/\/maisondelanaturedulayon.fr\/index.php\/wp-json\/wp\/v2\/types\/page"}],"author":[{"embeddable":true,"href":"https:\/\/maisondelanaturedulayon.fr\/index.php\/wp-json\/wp\/v2\/users\/1"}],"replies":[{"embeddable":true,"href":"https:\/\/maisondelanaturedulayon.fr\/index.php\/wp-json\/wp\/v2\/comments?post=44"}],"version-history":[{"count":9,"href":"https:\/\/maisondelanaturedulayon.fr\/index.php\/wp-json\/wp\/v2\/pages\/44\/revisions"}],"predecessor-version":[{"id":130,"href":"https:\/\/maisondelanaturedulayon.fr\/index.php\/wp-json\/wp\/v2\/pages\/44\/revisions\/130"}],"wp:featuredmedia":[{"embeddable":true,"href":"https:\/\/maisondelanaturedulayon.fr\/index.php\/wp-json\/wp\/v2\/media\/17"}],"wp:attachment":[{"href":"https:\/\/maisondelanaturedulayon.fr\/index.php\/wp-json\/wp\/v2\/media?parent=44"}],"curies":[{"name":"wp","href":"https:\/\/api.w.org\/{rel}","templated":true}]}}