{"id":2,"date":"2017-12-12T16:02:29","date_gmt":"2017-12-12T15:02:29","guid":{"rendered":"http:\/\/maisondelanaturedulayon.fr\/?page_id=2"},"modified":"2024-02-12T12:02:30","modified_gmt":"2024-02-12T11:02:30","slug":"page-d-exemple","status":"publish","type":"page","link":"https:\/\/maisondelanaturedulayon.fr\/index.php\/page-d-exemple\/","title":{"rendered":"Le Club Nature"},"content":{"rendered":"\n<figure class=\"wp-block-image size-large\"><img loading=\"lazy\" decoding=\"async\" width=\"1024\" height=\"768\" src=\"https:\/\/maisondelanaturedulayon.fr\/wp-content\/uploads\/2023\/12\/IMG_0169-001-1024x768.jpg\" alt=\"\" class=\"wp-image-127\" srcset=\"https:\/\/maisondelanaturedulayon.fr\/wp-content\/uploads\/2023\/12\/IMG_0169-001-1024x768.jpg 1024w, https:\/\/maisondelanaturedulayon.fr\/wp-content\/uploads\/2023\/12\/IMG_0169-001-300x225.jpg 300w, https:\/\/maisondelanaturedulayon.fr\/wp-content\/uploads\/2023\/12\/IMG_0169-001-768x576.jpg 768w, https:\/\/maisondelanaturedulayon.fr\/wp-content\/uploads\/2023\/12\/IMG_0169-001-1536x1152.jpg 1536w, https:\/\/maisondelanaturedulayon.fr\/wp-content\/uploads\/2023\/12\/IMG_0169-001-2048x1536.jpg 2048w\" sizes=\"(max-width: 1024px) 100vw, 1024px\" \/><\/figure>\n\n\n\n<p><\/p>\n\n\n\n<p>Comment devenir un aventurier ?<\/p>\n\n\n\n<p>C&rsquo;est tr\u00e8s simple !<\/p>\n\n\n\n<p>Il faut dans un premier temps avoir entre 7 et 12 ans.<\/p>\n\n\n\n<p>Nous proposons une premi\u00e8re s\u00e9ance gratuite histoire d&rsquo;essayer.<\/p>\n\n\n\n<p>A l&rsquo;issue de cette s\u00e9ance, il suffit tout simplement de remplir un dossier d&rsquo;inscription qui vous sera remis par les b\u00e9n\u00e9voles pr\u00e9sents.<\/p>\n\n\n\n<p>Pour ceux qui n&rsquo;ont pas eu la possibilit\u00e9 d&rsquo;\u00eatre pr\u00e9sents \u00e0 la premi\u00e8re s\u00e9ance, il est possible de s&rsquo;inscrire en courant d&rsquo;ann\u00e9e.<\/p>\n\n\n\n<p>ATTENTION :&nbsp; les places sont limit\u00e9es. Si vous souhaitez faire une pr\u00e9-inscription, appelez le <a href=\"telto:0630548154\" data-type=\"tel\" data-id=\"telto:0630548154\">06 30 54 81 54<\/a> ou par <a href=\"mailto:maison.nat.layon@gmail.com\" data-type=\"mailto\" data-id=\"mailto:maison.nat.layon@gmail.com\">mail<\/a>.<\/p>\n\n\n\n<p>Les tarifs sont red\u00e9finis chaque ann\u00e9e en fonction des activit\u00e9s envisag\u00e9es.<\/p>\n\n\n\n<p><a href=\"https:\/\/maisondelanaturedulayon.fr\/wp-content\/uploads\/2024\/02\/2023-2024-Club-Nature-MNL-dates-2023-2024.pdf\" target=\"_blank\" rel=\"noreferrer noopener\">Demandez le programme !<\/a><\/p>\n","protected":false},"excerpt":{"rendered":"<p>Comment devenir un aventurier ? C&rsquo;est tr\u00e8s simple ! Il faut dans un premier temps avoir entre 7 et 12 ans. Nous proposons une premi\u00e8re s\u00e9ance gratuite histoire d&rsquo;essayer. A&#8230; <a class=\"read-more\" href=\"https:\/\/maisondelanaturedulayon.fr\/index.php\/page-d-exemple\/\">Read more<\/a><\/p>\n","protected":false},"author":1,"featured_media":17,"parent":0,"menu_order":0,"comment_status":"closed","ping_status":"open","template":"","meta":{"footnotes":""},"yoast_head":"<!-- This site is optimized with the Yoast SEO plugin v22.0 - https:\/\/yoast.com\/wordpress\/plugins\/seo\/ -->\n<title>Le Club Nature - Maison de la Nature du Layon<\/title>\n<meta name=\"description\" content=\"Espace de d\u00e9couverte et de sensibilisation nature (ateliers, animations, sorties) situ\u00e9 en Anjou (Maine et Loire) - Pour enfants et adultes.\" \/>\n<meta name=\"robots\" content=\"index, follow, max-snippet:-1, max-image-preview:large, max-video-preview:-1\" \/>\n<link rel=\"canonical\" href=\"https:\/\/maisondelanaturedulayon.fr\/index.php\/page-d-exemple\/\" \/>\n<meta property=\"og:locale\" content=\"fr_FR\" \/>\n<meta property=\"og:type\" content=\"article\" \/>\n<meta property=\"og:title\" content=\"Le Club Nature - Maison de la Nature du Layon\" \/>\n<meta property=\"og:description\" content=\"Espace de d\u00e9couverte et de sensibilisation nature (ateliers, animations, sorties) situ\u00e9 en Anjou (Maine et Loire) - Pour enfants et adultes.\" \/>\n<meta property=\"og:url\" content=\"https:\/\/maisondelanaturedulayon.fr\/index.php\/page-d-exemple\/\" \/>\n<meta property=\"og:site_name\" content=\"Maison de la Nature du Layon\" \/>\n<meta property=\"article:modified_time\" content=\"2024-02-12T11:02:30+00:00\" \/>\n<meta property=\"og:image\" content=\"https:\/\/maisondelanaturedulayon.fr\/wp-content\/uploads\/2017\/12\/IMG_0169-001-1024x768.jpg\" \/>\n\t<meta property=\"og:image:width\" content=\"1024\" \/>\n\t<meta property=\"og:image:height\" content=\"768\" \/>\n\t<meta property=\"og:image:type\" content=\"image\/jpeg\" \/>\n<meta name=\"twitter:card\" content=\"summary_large_image\" \/>\n<meta name=\"twitter:label1\" content=\"Dur\u00e9e de lecture estim\u00e9e\" \/>\n\t<meta name=\"twitter:data1\" content=\"1 minute\" \/>\n<script type=\"application\/ld+json\" class=\"yoast-schema-graph\">{\"@context\":\"https:\/\/schema.org\",\"@graph\":[{\"@type\":\"WebPage\",\"@id\":\"https:\/\/maisondelanaturedulayon.fr\/index.php\/page-d-exemple\/\",\"url\":\"https:\/\/maisondelanaturedulayon.fr\/index.php\/page-d-exemple\/\",\"name\":\"Le Club Nature - Maison de la Nature du Layon\",\"isPartOf\":{\"@id\":\"https:\/\/maisondelanaturedulayon.fr\/#website\"},\"datePublished\":\"2017-12-12T15:02:29+00:00\",\"dateModified\":\"2024-02-12T11:02:30+00:00\",\"description\":\"Espace de d\u00e9couverte et de sensibilisation nature (ateliers, animations, sorties) situ\u00e9 en Anjou (Maine et Loire) - Pour enfants et adultes.\",\"breadcrumb\":{\"@id\":\"https:\/\/maisondelanaturedulayon.fr\/index.php\/page-d-exemple\/#breadcrumb\"},\"inLanguage\":\"fr-FR\",\"potentialAction\":[{\"@type\":\"ReadAction\",\"target\":[\"https:\/\/maisondelanaturedulayon.fr\/index.php\/page-d-exemple\/\"]}]},{\"@type\":\"BreadcrumbList\",\"@id\":\"https:\/\/maisondelanaturedulayon.fr\/index.php\/page-d-exemple\/#breadcrumb\",\"itemListElement\":[{\"@type\":\"ListItem\",\"position\":1,\"name\":\"Accueil\",\"item\":\"https:\/\/maisondelanaturedulayon.fr\/\"},{\"@type\":\"ListItem\",\"position\":2,\"name\":\"Le Club Nature\"}]},{\"@type\":\"WebSite\",\"@id\":\"https:\/\/maisondelanaturedulayon.fr\/#website\",\"url\":\"https:\/\/maisondelanaturedulayon.fr\/\",\"name\":\"Maison de la Nature du Layon\",\"description\":\"\",\"potentialAction\":[{\"@type\":\"SearchAction\",\"target\":{\"@type\":\"EntryPoint\",\"urlTemplate\":\"https:\/\/maisondelanaturedulayon.fr\/?s={search_term_string}\"},\"query-input\":\"required name=search_term_string\"}],\"inLanguage\":\"fr-FR\"}]}<\/script>\n<!-- \/ Yoast SEO plugin. -->","yoast_head_json":{"title":"Le Club Nature - Maison de la Nature du Layon","description":"Espace de d\u00e9couverte et de sensibilisation nature (ateliers, animations, sorties) situ\u00e9 en Anjou (Maine et Loire) - Pour enfants et adultes.","robots":{"index":"index","follow":"follow","max-snippet":"max-snippet:-1","max-image-preview":"max-image-preview:large","max-video-preview":"max-video-preview:-1"},"canonical":"https:\/\/maisondelanaturedulayon.fr\/index.php\/page-d-exemple\/","og_locale":"fr_FR","og_type":"article","og_title":"Le Club Nature - Maison de la Nature du Layon","og_description":"Espace de d\u00e9couverte et de sensibilisation nature (ateliers, animations, sorties) situ\u00e9 en Anjou (Maine et Loire) - Pour enfants et adultes.","og_url":"https:\/\/maisondelanaturedulayon.fr\/index.php\/page-d-exemple\/","og_site_name":"Maison de la Nature du Layon","article_modified_time":"2024-02-12T11:02:30+00:00","og_image":[{"width":1024,"height":768,"url":"https:\/\/maisondelanaturedulayon.fr\/wp-content\/uploads\/2017\/12\/IMG_0169-001-1024x768.jpg","type":"image\/jpeg"}],"twitter_card":"summary_large_image","twitter_misc":{"Dur\u00e9e de lecture estim\u00e9e":"1 minute"},"schema":{"@context":"https:\/\/schema.org","@graph":[{"@type":"WebPage","@id":"https:\/\/maisondelanaturedulayon.fr\/index.php\/page-d-exemple\/","url":"https:\/\/maisondelanaturedulayon.fr\/index.php\/page-d-exemple\/","name":"Le Club Nature - Maison de la Nature du Layon","isPartOf":{"@id":"https:\/\/maisondelanaturedulayon.fr\/#website"},"datePublished":"2017-12-12T15:02:29+00:00","dateModified":"2024-02-12T11:02:30+00:00","description":"Espace de d\u00e9couverte et de sensibilisation nature (ateliers, animations, sorties) situ\u00e9 en Anjou (Maine et Loire) - Pour enfants et adultes.","breadcrumb":{"@id":"https:\/\/maisondelanaturedulayon.fr\/index.php\/page-d-exemple\/#breadcrumb"},"inLanguage":"fr-FR","potentialAction":[{"@type":"ReadAction","target":["https:\/\/maisondelanaturedulayon.fr\/index.php\/page-d-exemple\/"]}]},{"@type":"BreadcrumbList","@id":"https:\/\/maisondelanaturedulayon.fr\/index.php\/page-d-exemple\/#breadcrumb","itemListElement":[{"@type":"ListItem","position":1,"name":"Accueil","item":"https:\/\/maisondelanaturedulayon.fr\/"},{"@type":"ListItem","position":2,"name":"Le Club Nature"}]},{"@type":"WebSite","@id":"https:\/\/maisondelanaturedulayon.fr\/#website","url":"https:\/\/maisondelanaturedulayon.fr\/","name":"Maison de la Nature du Layon","description":"","potentialAction":[{"@type":"SearchAction","target":{"@type":"EntryPoint","urlTemplate":"https:\/\/maisondelanaturedulayon.fr\/?s={search_term_string}"},"query-input":"required name=search_term_string"}],"inLanguage":"fr-FR"}]}},"_links":{"self":[{"href":"https:\/\/maisondelanaturedulayon.fr\/index.php\/wp-json\/wp\/v2\/pages\/2"}],"collection":[{"href":"https:\/\/maisondelanaturedulayon.fr\/index.php\/wp-json\/wp\/v2\/pages"}],"about":[{"href":"https:\/\/maisondelanaturedulayon.fr\/index.php\/wp-json\/wp\/v2\/types\/page"}],"author":[{"embeddable":true,"href":"https:\/\/maisondelanaturedulayon.fr\/index.php\/wp-json\/wp\/v2\/users\/1"}],"replies":[{"embeddable":true,"href":"https:\/\/maisondelanaturedulayon.fr\/index.php\/wp-json\/wp\/v2\/comments?post=2"}],"version-history":[{"count":8,"href":"https:\/\/maisondelanaturedulayon.fr\/index.php\/wp-json\/wp\/v2\/pages\/2\/revisions"}],"predecessor-version":[{"id":158,"href":"https:\/\/maisondelanaturedulayon.fr\/index.php\/wp-json\/wp\/v2\/pages\/2\/revisions\/158"}],"wp:featuredmedia":[{"embeddable":true,"href":"https:\/\/maisondelanaturedulayon.fr\/index.php\/wp-json\/wp\/v2\/media\/17"}],"wp:attachment":[{"href":"https:\/\/maisondelanaturedulayon.fr\/index.php\/wp-json\/wp\/v2\/media?parent=2"}],"curies":[{"name":"wp","href":"https:\/\/api.w.org\/{rel}","templated":true}]}}